{"id":9,"date":"2012-02-15T22:19:57","date_gmt":"2012-02-15T22:19:57","guid":{"rendered":"http:\/\/dizwrsj.cluster031.hosting.ovh.net\/?page_id=9"},"modified":"2023-05-08T10:54:46","modified_gmt":"2023-05-08T10:54:46","slug":"contacto","status":"publish","type":"page","link":"https:\/\/aodem.org\/?page_id=9","title":{"rendered":"Contacto"},"content":{"rendered":"<p><span style=\"font-family: Arial, sans-serif;\"><b><br \/>\nD\u00d3NDE ESTAMOS:&nbsp; Calle Berenguer, N\u00ba 2-4 4\u00aaplanta. 22002 HUESCA<\/b><\/span><\/p>\n<p><span style=\"font-family: Arial, sans-serif;\"><b>NUESTRO HORARIO DE ATENCI\u00d3N AL P\u00daBLICO:<\/p>\n<p>9:00 a 13:00&nbsp; &nbsp; &nbsp; de Lunes a Viernes&nbsp;<\/p>\n<p>Tel\u00e9fono:&nbsp; &nbsp; 974 24 56 60<\/p>\n<p>Email:&nbsp; &nbsp; &nbsp; &nbsp; &nbsp;aodem@aodem . org<\/b><\/span><span style=\"font-family: Arial, sans-serif;\"><b><br \/>\n<\/b><\/span><\/p>\n","protected":false},"excerpt":{"rendered":"<p>D\u00d3NDE ESTAMOS:&nbsp; Calle Berenguer, N\u00ba 2-4 4\u00aaplanta. 22002 HUESCA NUESTRO HORARIO DE ATENCI\u00d3N AL P\u00daBLICO: 9:00 a 13:00&nbsp; &nbsp; &nbsp; de Lunes a Viernes&nbsp; Tel\u00e9fono:&nbsp; &nbsp; 974 24 56 60 Email:&nbsp; &nbsp; &nbsp; &nbsp; &nbsp;aodem@aodem . org<\/p>\n","protected":false},"author":1,"featured_media":0,"parent":0,"menu_order":0,"comment_status":"closed","ping_status":"closed","template":"","meta":{"_crdt_document":"","ngg_post_thumbnail":0,"footnotes":""},"class_list":["post-9","page","type-page","status-publish","hentry"],"_links":{"self":[{"href":"https:\/\/aodem.org\/index.php?rest_route=\/wp\/v2\/pages\/9","targetHints":{"allow":["GET"]}}],"collection":[{"href":"https:\/\/aodem.org\/index.php?rest_route=\/wp\/v2\/pages"}],"about":[{"href":"https:\/\/aodem.org\/index.php?rest_route=\/wp\/v2\/types\/page"}],"author":[{"embeddable":true,"href":"https:\/\/aodem.org\/index.php?rest_route=\/wp\/v2\/users\/1"}],"replies":[{"embeddable":true,"href":"https:\/\/aodem.org\/index.php?rest_route=%2Fwp%2Fv2%2Fcomments&post=9"}],"version-history":[{"count":23,"href":"https:\/\/aodem.org\/index.php?rest_route=\/wp\/v2\/pages\/9\/revisions"}],"predecessor-version":[{"id":1054,"href":"https:\/\/aodem.org\/index.php?rest_route=\/wp\/v2\/pages\/9\/revisions\/1054"}],"wp:attachment":[{"href":"https:\/\/aodem.org\/index.php?rest_route=%2Fwp%2Fv2%2Fmedia&parent=9"}],"curies":[{"name":"wp","href":"https:\/\/api.w.org\/{rel}","templated":true}]}}