{"id":2,"date":"2012-02-15T22:11:55","date_gmt":"2012-02-15T22:11:55","guid":{"rendered":"http:\/\/dizwrsj.cluster031.hosting.ovh.net\/?page_id=2"},"modified":"2012-02-21T22:45:31","modified_gmt":"2012-02-21T22:45:31","slug":"em","status":"publish","type":"page","link":"https:\/\/aodem.org\/?page_id=2","title":{"rendered":"La esclerosis m\u00faltiple"},"content":{"rendered":"<h3 style=\"text-align: justify;\">La esclerosis m\u00faltiple<\/h3>\n<p style=\"text-align: justify;\">La Esclerosis M\u00faltiple (EM) es una enfermedad cr\u00f3nica que afecta al sistema nervioso central. Aunque no se conoce todo sobre su origen, la teor\u00eda m\u00e1s aceptada es que existen dos posibles causas que, sumadas, pueden desencadenar la enfermedad:<\/p>\n<ul style=\"text-align: justify;\">\n<li>Factores gen\u00e9ticos: cierta informaci\u00f3n que aparece en los genes y que puede determinar una predisposici\u00f3n a contraer la enfermedad; es decir, algunas personas pueden contraer la enfermedad con m\u00e1s facilidad que otras, sin que por el momento conozcamos con exactitud cu\u00e1les son los genes implicados.<\/li>\n<li>Factores ambientales: virus, vacunas, etc., que pueden desencadenar la enfermedad en las personas predispuestas. Se desconoce cu\u00e1les son estos factores con exactitud.<\/li>\n<\/ul>\n<p style=\"text-align: justify;\">Son muchos los enigmas que rodean a esta enfermedad; sin embargo, nuestro conocimiento sobre ella avanza de forma imparable y cada vez son m\u00e1s los datos que conocemos en detalle sobre ella. Entre estos, destacamos algunos:<\/p>\n<ul style=\"text-align: justify;\">\n<li>La EM produce lesiones en la mielina, que es la sustancia que recubre las prolongaciones de las neuronas. La mielina es importante porque ayuda a las neuronas a comunicarse.<\/li>\n<li>Esas lesiones o placas se producen por acumulo de c\u00e9lulas inflamatorias que penetran en el sistema nervioso y atacan a la mielina, la destruyen y pueden interrumpir la transmisi\u00f3n entre las neuronas.<\/li>\n<li>Dependiendo del grado de la lesi\u00f3n, la falta de comunicaci\u00f3n entre las neuronas puede ser transitoria (sucede durante un tiempo y luego se recupera) o permanente.<\/li>\n<li>Cuando se producen las lesiones pueden aparecer s\u00edntomas muy variados, tales como p\u00e9rdida de fuerza, alteraciones de la sensibilidad o del equilibrio, p\u00e9rdida de visi\u00f3n, cansancio, etc., aunque tambi\u00e9n pueden pasar cl\u00ednicamente desapercibidas.<\/li>\n<li>Las placas antiguas, carentes de c\u00e9lulas, permanecen a modo de \u201ccicatrices\u201d en el sistema nervioso.<\/li>\n<\/ul>\n<p style=\"text-align: justify;\">Existen varias formas de presentaci\u00f3n y evoluci\u00f3n de la EM; cl\u00e1sicamente, se distinguen tres tipos principales:<\/p>\n<ul style=\"text-align: justify;\">\n<li>Formas recurrentes-remitentes: aquellas en las que se producen periodos de reca\u00edda (brotes) seguidos de etapas de estabilizaci\u00f3n de duraci\u00f3n variable. Estas reca\u00eddas consisten generalmente en la parici\u00f3n de s\u00edntomas neurol\u00f3gicos debidos a una nueva lesi\u00f3n en el sistema nervioso central. La recuperaci\u00f3n de estos s\u00edntomas tras el brote puede ser total o parcial; en este \u00faltimo caso, quedar\u00e1n s\u00edntomas residuales (secuelas).<\/li>\n<li>Formas secundariamente progresivas: aquellas en las que, tras una primera etapa de reca\u00eddas-estabilizaci\u00f3n, se pasa a otra de reca\u00eddas- progresi\u00f3n o s\u00f3lo progresi\u00f3n sin brotes. Cuando esto ocurre, los pacientes empeoran de forma progresiva independientemente de que tengan o no brotes.<\/li>\n<li>Formas primariamente progresivas: aquellas en las que nunca han existido brotes sino un aumento paulatino y lento de la discapacidad desde el comienzo.<\/li>\n<\/ul>\n<p style=\"text-align: justify;\">La inmensa mayor\u00eda de los pacientes pueden ser incluidos en una de estas tres formas evolutivas; sin embargo, la gravedad de los s\u00edntomas y la velocidad con que progresa la enfermedad es distinta en cada paciente, independientemente del tipo de EM que tenga.<\/p>\n<p style=\"text-align: justify;\">Esta enfermedad puede aparecer en cualquier etapa de la vida y en ambos sexos, si bien es m\u00e1s frecuente en mujeres y entre la poblaci\u00f3n adulta joven. Tambi\u00e9n es m\u00e1s frecuente en la raza blanca e inexistente entre algunos grupos \u00e9tnicos como lapones o indios americanos.<\/p>\n<p style=\"text-align: justify;\">Como conclusi\u00f3n podemos decir que la esclerosis m\u00faltiple no es una enfermedad hereditaria, ni contagiosa; sino que, seg\u00fan aportan los diversos estudios existentes, sus causas son gen\u00e9ticas o ambientales.<\/p>\n","protected":false},"excerpt":{"rendered":"<p>La esclerosis m\u00faltiple La Esclerosis M\u00faltiple (EM) es una enfermedad cr\u00f3nica que afecta al sistema nervioso central. Aunque no se conoce todo sobre su origen, la teor\u00eda m\u00e1s aceptada es que existen dos posibles causas que, sumadas, pueden desencadenar la &hellip; <a href=\"https:\/\/aodem.org\/?page_id=2\">Sigue leyendo <span class=\"meta-nav\">&rarr;<\/span><\/a><\/p>\n","protected":false},"author":1,"featured_media":0,"parent":0,"menu_order":0,"comment_status":"closed","ping_status":"closed","template":"","meta":{"_crdt_document":"","ngg_post_thumbnail":0,"footnotes":""},"class_list":["post-2","page","type-page","status-publish","hentry"],"_links":{"self":[{"href":"https:\/\/aodem.org\/index.php?rest_route=\/wp\/v2\/pages\/2","targetHints":{"allow":["GET"]}}],"collection":[{"href":"https:\/\/aodem.org\/index.php?rest_route=\/wp\/v2\/pages"}],"about":[{"href":"https:\/\/aodem.org\/index.php?rest_route=\/wp\/v2\/types\/page"}],"author":[{"embeddable":true,"href":"https:\/\/aodem.org\/index.php?rest_route=\/wp\/v2\/users\/1"}],"replies":[{"embeddable":true,"href":"https:\/\/aodem.org\/index.php?rest_route=%2Fwp%2Fv2%2Fcomments&post=2"}],"version-history":[{"count":5,"href":"https:\/\/aodem.org\/index.php?rest_route=\/wp\/v2\/pages\/2\/revisions"}],"predecessor-version":[{"id":31,"href":"https:\/\/aodem.org\/index.php?rest_route=\/wp\/v2\/pages\/2\/revisions\/31"}],"wp:attachment":[{"href":"https:\/\/aodem.org\/index.php?rest_route=%2Fwp%2Fv2%2Fmedia&parent=2"}],"curies":[{"name":"wp","href":"https:\/\/api.w.org\/{rel}","templated":true}]}}