{"id":16,"date":"2012-02-15T22:21:13","date_gmt":"2012-02-15T22:21:13","guid":{"rendered":"http:\/\/dizwrsj.cluster031.hosting.ovh.net\/?page_id=16"},"modified":"2012-02-19T17:28:36","modified_gmt":"2012-02-19T17:28:36","slug":"enlaces","status":"publish","type":"page","link":"https:\/\/aodem.org\/?page_id=16","title":{"rendered":"Enlaces"},"content":{"rendered":"<p>La Asociaci\u00f3n Oscense de Esclerosis M\u00faltiple esta adherida a:<\/p>\n<ul>\n<li><a href=\"http:\/\/www.aedem.org\">Asociaci\u00f3n Espa\u00f1ola de Esclerosis M\u00faltiple (AEDEM)<\/a><\/li>\n<li><a href=\"http:\/\/cadishuesca.es\/\">Coordinadora de Asociaciones de Discapacitados de Huesca (CADIS &#8211; Huesca)<\/a><\/li>\n<li><a href=\"http:\/\/www.voluntariadodearagon.org\/\">Plataforma del Voluntariado de Arag\u00f3n<\/a><\/li>\n<\/ul>\n","protected":false},"excerpt":{"rendered":"<p>La Asociaci\u00f3n Oscense de Esclerosis M\u00faltiple esta adherida a: Asociaci\u00f3n Espa\u00f1ola de Esclerosis M\u00faltiple (AEDEM) Coordinadora de Asociaciones de Discapacitados de Huesca (CADIS &#8211; Huesca) Plataforma del Voluntariado de Arag\u00f3n<\/p>\n","protected":false},"author":1,"featured_media":0,"parent":0,"menu_order":0,"comment_status":"closed","ping_status":"closed","template":"","meta":{"_crdt_document":"","ngg_post_thumbnail":0,"footnotes":""},"class_list":["post-16","page","type-page","status-publish","hentry"],"_links":{"self":[{"href":"https:\/\/aodem.org\/index.php?rest_route=\/wp\/v2\/pages\/16","targetHints":{"allow":["GET"]}}],"collection":[{"href":"https:\/\/aodem.org\/index.php?rest_route=\/wp\/v2\/pages"}],"about":[{"href":"https:\/\/aodem.org\/index.php?rest_route=\/wp\/v2\/types\/page"}],"author":[{"embeddable":true,"href":"https:\/\/aodem.org\/index.php?rest_route=\/wp\/v2\/users\/1"}],"replies":[{"embeddable":true,"href":"https:\/\/aodem.org\/index.php?rest_route=%2Fwp%2Fv2%2Fcomments&post=16"}],"version-history":[{"count":7,"href":"https:\/\/aodem.org\/index.php?rest_route=\/wp\/v2\/pages\/16\/revisions"}],"predecessor-version":[{"id":124,"href":"https:\/\/aodem.org\/index.php?rest_route=\/wp\/v2\/pages\/16\/revisions\/124"}],"wp:attachment":[{"href":"https:\/\/aodem.org\/index.php?rest_route=%2Fwp%2Fv2%2Fmedia&parent=16"}],"curies":[{"name":"wp","href":"https:\/\/api.w.org\/{rel}","templated":true}]}}