{"id":1233,"date":"2024-11-27T09:20:36","date_gmt":"2024-11-27T09:20:36","guid":{"rendered":"https:\/\/aodem.org\/?page_id=1233"},"modified":"2025-06-18T11:07:41","modified_gmt":"2025-06-18T11:07:41","slug":"cuentas-anuales-y-transparencia","status":"publish","type":"page","link":"https:\/\/aodem.org\/?page_id=1233","title":{"rendered":"Cuentas anuales y transparencia"},"content":{"rendered":"<div class=\"elementor-column elementor-col-50 elementor-inner-column elementor-element elementor-element-57c324f3 elementor-hidden-phone\" data-id=\"57c324f3\" data-element_type=\"column\">\n<div class=\"elementor-column-wrap elementor-element-populated\">\n<div class=\"elementor-widget-wrap\">\n<div class=\"elementor-element elementor-element-d5bc68f elementor-nav-menu--dropdown-none elementor-widget__width-auto elementor-widget elementor-widget-nav-menu elementor-sticky\" style=\"border: 0px; margin: 0px; padding: 0px; box-sizing: border-box; --flex-direction: initial; --flex-wrap: initial; --justify-content: initial; --align-items: initial; --align-content: initial; --gap: initial; --flex-basis: initial; --flex-grow: initial; --flex-shrink: initial; --order: initial; --align-self: initial; flex-basis: var(--flex-basis); flex-grow: var(--flex-grow); flex-shrink: var(--flex-shrink); order: var(--order); align-self: var(--align-self); flex-direction: var(--flex-direction); flex-wrap: var(--flex-wrap); justify-content: var(--justify-content); align-items: var(--align-items); align-content: var(--align-content); gap: var(--gap); position: relative; --swiper-theme-color: #000; --swiper-navigation-size: 44px; --swiper-pagination-bullet-size: 6px; --swiper-pagination-bullet-horizontal-gap: 6px; --widgets-spacing: 0px; --e-nav-menu-divider-color: var( --e-global-color-text ); width: auto; max-width: 100%;\" data-id=\"d5bc68f\" data-element_type=\"widget\" data-settings=\"{&quot;layout&quot;:&quot;vertical&quot;,&quot;motion_fx_motion_fx_scrolling&quot;:&quot;yes&quot;,&quot;sticky&quot;:&quot;top&quot;,&quot;submenu_icon&quot;:{&quot;value&quot;:&quot;&lt;i class=\\&quot;fas fa-caret-down\\&quot;&gt; &lt;p&gt;&lt;\\\/i&gt;&quot;,&quot;library&quot;:&quot;fa-solid&quot;},&quot;motion_fx_devices&quot;:[&quot;desktop&quot;,&quot;tablet&quot;,&quot;mobile&quot;],&quot;sticky_on&quot;:[&quot;desktop&quot;,&quot;tablet&quot;,&quot;mobile&quot;],&quot;sticky_offset&quot;:0,&quot;sticky_effects_offset&quot;:0}\" data-widget_type=\"nav-menu.default\">\n<div class=\"elementor-widget-container\">\n<nav class=\"elementor-nav-menu--main elementor-nav-menu__container elementor-nav-menu--layout-vertical e--pointer-underline e--animation-fade\">La <strong>rendici\u00f3n de cuentas<\/strong>&nbsp;va m\u00e1s all\u00e1 de los aspectos legales y puramente econ\u00f3micos de una entidad. Especialmente en la sociedad actual, donde los niveles de exigencia de informaci\u00f3n son mayores.<\/nav>\n<\/div>\n<\/div>\n<\/div>\n<\/div>\n<\/div>\n<div class=\"elementor-column elementor-col-50 elementor-inner-column elementor-element elementor-element-a605bcd\" data-id=\"a605bcd\" data-element_type=\"column\">\n<div class=\"elementor-column-wrap elementor-element-populated\">\n<div class=\"elementor-widget-wrap\">\n<div class=\"elementor-element elementor-element-44d4559 elementor-widget elementor-widget-text-editor\" data-id=\"44d4559\" data-element_type=\"widget\" data-widget_type=\"text-editor.default\">\n<div class=\"elementor-widget-container\">\n<div class=\"elementor-text-editor elementor-clearfix\">\n<p>Seguramente, te surjan preguntas sobre el funcionamiento de nuestra organizaci\u00f3n. Por ejemplo, c\u00f3mo nos financiamos, qu\u00e9 gesti\u00f3n hacemos de los recursos, c\u00f3mo llevamos a cabo nuestras actividades, cu\u00e1les son los grupos de inter\u00e9s que han participado en nuestro trabajo, qu\u00e9 personas o entidades nos apoyan, etc.&nbsp;<\/p>\n<p>Para responder a esas cuestiones, aqu\u00ed encontrar\u00e1s documentaci\u00f3n sobre el&nbsp; presupuesto para este a\u00f1o y nuestras cuentas anuales:<\/p>\n<p><a href=\"https:\/\/aodem.org\/wp-content\/uploads\/2023\/06\/B.-PERDIDAS-Y-GANANCIAS.pdf\">CUENTAS ANUALES A\u00d1O 2021<\/a><\/p>\n<p>&nbsp;<\/p>\n<p><a href=\"https:\/\/aodem.org\/wp-content\/uploads\/2023\/06\/B.PERDIDAS-Y-GANANCIAS-2022.pdf\">CUENTAS ANUALES A\u00d1O 2022<\/a><\/p>\n<p>&nbsp;<\/p>\n<p><a href=\"https:\/\/aodem.org\/wp-content\/uploads\/2024\/11\/PERDIDAS-Y-GANANCIAS-2023.pdf\">CUENTAS ANUALES A\u00d1O 2023<\/a><\/p>\n<\/div>\n<\/div>\n<\/div>\n<\/div>\n<\/div>\n<\/div>\n<div>&nbsp;<\/div>\n<div>&nbsp;<\/div>\n<div class=\"elementor-column elementor-col-50 elementor-inner-column elementor-element elementor-element-a605bcd\" data-id=\"a605bcd\" data-element_type=\"column\">\n<div class=\"elementor-column-wrap elementor-element-populated\">\n<div class=\"elementor-widget-wrap\">\n<div class=\"elementor-element elementor-element-44d4559 elementor-widget elementor-widget-text-editor\" data-id=\"44d4559\" data-element_type=\"widget\" data-widget_type=\"text-editor.default\">\n<div class=\"elementor-widget-container\">\n<div><a href=\"https:\/\/aodem.org\/wp-content\/uploads\/2025\/06\/PERDIDAS-Y-GANANCIAS-2024.pdf\">CUENTAS ANUALES A\u00d1O 2024<\/a><\/div>\n<\/div>\n<p>&nbsp;<\/p>\n<div class=\"elementor-widget-container\">\n<p><a href=\"https:\/\/aodem.org\/wp-content\/uploads\/2025\/06\/SUBVENCIONES-2024-IMPORTE-OBJETIVO-FINALIDAD-Y-BENEFICIARIOS.pdf\">SUBVENCIONES 2024 IMPORTE, OBJETIVO, FINALIDAD Y BENEFICIARIOS<\/a><\/p>\n<\/div>\n<\/div>\n<\/div>\n<\/div>\n<\/div>\n","protected":false},"excerpt":{"rendered":"<p>La rendici\u00f3n de cuentas&nbsp;va m\u00e1s all\u00e1 de los aspectos legales y puramente econ\u00f3micos de una entidad. Especialmente en la sociedad actual, donde los niveles de exigencia de informaci\u00f3n son mayores. Seguramente, te surjan preguntas sobre el funcionamiento de nuestra organizaci\u00f3n. &hellip; <a href=\"https:\/\/aodem.org\/?page_id=1233\">Sigue leyendo <span class=\"meta-nav\">&rarr;<\/span><\/a><\/p>\n","protected":false},"author":1,"featured_media":0,"parent":0,"menu_order":0,"comment_status":"closed","ping_status":"closed","template":"","meta":{"_crdt_document":"","ngg_post_thumbnail":0,"footnotes":""},"class_list":["post-1233","page","type-page","status-publish","hentry"],"_links":{"self":[{"href":"https:\/\/aodem.org\/index.php?rest_route=\/wp\/v2\/pages\/1233","targetHints":{"allow":["GET"]}}],"collection":[{"href":"https:\/\/aodem.org\/index.php?rest_route=\/wp\/v2\/pages"}],"about":[{"href":"https:\/\/aodem.org\/index.php?rest_route=\/wp\/v2\/types\/page"}],"author":[{"embeddable":true,"href":"https:\/\/aodem.org\/index.php?rest_route=\/wp\/v2\/users\/1"}],"replies":[{"embeddable":true,"href":"https:\/\/aodem.org\/index.php?rest_route=%2Fwp%2Fv2%2Fcomments&post=1233"}],"version-history":[{"count":4,"href":"https:\/\/aodem.org\/index.php?rest_route=\/wp\/v2\/pages\/1233\/revisions"}],"predecessor-version":[{"id":1265,"href":"https:\/\/aodem.org\/index.php?rest_route=\/wp\/v2\/pages\/1233\/revisions\/1265"}],"wp:attachment":[{"href":"https:\/\/aodem.org\/index.php?rest_route=%2Fwp%2Fv2%2Fmedia&parent=1233"}],"curies":[{"name":"wp","href":"https:\/\/api.w.org\/{rel}","templated":true}]}}