{"id":1219,"date":"2024-11-27T09:06:36","date_gmt":"2024-11-27T09:06:36","guid":{"rendered":"https:\/\/aodem.org\/?page_id=1219"},"modified":"2024-11-27T09:29:50","modified_gmt":"2024-11-27T09:29:50","slug":"normativa-y-protocolos","status":"publish","type":"page","link":"https:\/\/aodem.org\/?page_id=1219","title":{"rendered":"Normativa y protocolos"},"content":{"rendered":"<p>En este espacio encontrar\u00e1s los documentos fundamentales que gu\u00edan nuestro compromiso con un entorno seguro, \u00e9tico e inclusivo. Estas normativas y protocolos han sido dise\u00f1ados para garantizar el respeto, la igualdad de oportunidades y la integridad en todas nuestras actividades.<\/p>\n<ul>\n<li><strong>Protocolo de Acoso<\/strong>: Detalla las medidas y procedimientos establecidos para prevenir, detectar y actuar frente a cualquier situaci\u00f3n de acoso, promoviendo un entorno de respeto mutuo. <a href=\"https:\/\/aodem.org\/wp-content\/uploads\/2024\/11\/PROTOCOLO-DE-ACOSO-AODEM_firmado.pdf\">PROTOCOLO DE ACOSO<\/a><\/li>\n<\/ul>\n<p>&nbsp;<\/p>\n<ul>\n<li><strong>C\u00f3digo \u00c9tico<\/strong>: Define los principios y valores que rigen nuestra organizaci\u00f3n, asegurando una conducta responsable y transparente en nuestras relaciones internas y externas. <a href=\"https:\/\/aodem.org\/wp-content\/uploads\/2024\/11\/CODIGO-ETICO-AODEM_firmado.pdf\">C\u00d3DIGO \u00c9TICO<\/a><\/li>\n<\/ul>\n<p>&nbsp;<\/p>\n<ul>\n<li><strong>Plan de Igualdad<\/strong>: Establece las acciones y estrategias destinadas a fomentar la igualdad efectiva entre todas las personas, eliminando cualquier forma de discriminaci\u00f3n por raz\u00f3n de g\u00e9nero. <a href=\"https:\/\/aodem.org\/wp-content\/uploads\/2024\/11\/PLAN-DE-IGUALDAD-AODEM_firmado.pdf\">PLAN DE IGUALDAD<\/a><\/li>\n<\/ul>\n<p>Te invitamos a consultar cada uno de estos documentos, que reflejan nuestra visi\u00f3n y compromiso con una gesti\u00f3n responsable y respetuosa.<\/p>\n<p>&nbsp;<\/p>\n","protected":false},"excerpt":{"rendered":"<p>En este espacio encontrar\u00e1s los documentos fundamentales que gu\u00edan nuestro compromiso con un entorno seguro, \u00e9tico e inclusivo. Estas normativas y protocolos han sido dise\u00f1ados para garantizar el respeto, la igualdad de oportunidades y la integridad en todas nuestras actividades. &hellip; <a href=\"https:\/\/aodem.org\/?page_id=1219\">Sigue leyendo <span class=\"meta-nav\">&rarr;<\/span><\/a><\/p>\n","protected":false},"author":1,"featured_media":0,"parent":0,"menu_order":0,"comment_status":"closed","ping_status":"closed","template":"","meta":{"_crdt_document":"","ngg_post_thumbnail":0,"footnotes":""},"class_list":["post-1219","page","type-page","status-publish","hentry"],"_links":{"self":[{"href":"https:\/\/aodem.org\/index.php?rest_route=\/wp\/v2\/pages\/1219","targetHints":{"allow":["GET"]}}],"collection":[{"href":"https:\/\/aodem.org\/index.php?rest_route=\/wp\/v2\/pages"}],"about":[{"href":"https:\/\/aodem.org\/index.php?rest_route=\/wp\/v2\/types\/page"}],"author":[{"embeddable":true,"href":"https:\/\/aodem.org\/index.php?rest_route=\/wp\/v2\/users\/1"}],"replies":[{"embeddable":true,"href":"https:\/\/aodem.org\/index.php?rest_route=%2Fwp%2Fv2%2Fcomments&post=1219"}],"version-history":[{"count":4,"href":"https:\/\/aodem.org\/index.php?rest_route=\/wp\/v2\/pages\/1219\/revisions"}],"predecessor-version":[{"id":1239,"href":"https:\/\/aodem.org\/index.php?rest_route=\/wp\/v2\/pages\/1219\/revisions\/1239"}],"wp:attachment":[{"href":"https:\/\/aodem.org\/index.php?rest_route=%2Fwp%2Fv2%2Fmedia&parent=1219"}],"curies":[{"name":"wp","href":"https:\/\/api.w.org\/{rel}","templated":true}]}}